{"id":1058,"date":"2020-08-03T21:39:31","date_gmt":"2020-08-04T02:39:31","guid":{"rendered":"http:\/\/stg.novellroad.org\/?page_id=1058"},"modified":"2021-04-24T11:06:24","modified_gmt":"2021-04-24T16:06:24","slug":"consultoria","status":"publish","type":"page","link":"https:\/\/www.novellroad.org\/index.php\/consultoria\/","title":{"rendered":"Consultor\u00eda"},"content":{"rendered":"<p>[vc_row][vc_column css_animation=&#8221;fadeIn&#8221; css=&#8221;.vc_custom_1618901410621{margin-top: 60px !important;margin-right: 7% !important;margin-left: 7% !important;}&#8221; el_class=&#8221;cont-bot&#8221;]<h2 style=\"text-align: left;\">Consultor\u00eda.<\/h2>\t\n\t<div class=\"section-header-text-left\">\n\t\t\t\t\t\t<div class=\"line-header\"><\/div>\n\t<\/div>\n\t[vc_column_text css=&#8221;.vc_custom_1618896927555{margin-top: 10px !important;}&#8221;]<\/p>\n<h5>La consultor\u00eda es una herramienta social de nuestra empresa para compartir nuestro conocimiento, que tiene como objetivo que el cliente (privado, municipal, estatal o federal) pueda ver con claridad lo que al principio puede parecer complejo.<\/h5>\n<p>[\/vc_column_text][vc_single_image image=&#8221;1651&#8243; alignment=&#8221;center&#8221;][vc_column_text]<\/p>\n<h4 style=\"text-align: center;\">Algunos ejemplos de c\u00f3mo se puede utilizar la consultor\u00eda de nuestra empresa, se muestran a continuaci\u00f3n:<\/h4>\n<p>[\/vc_column_text][vc_column_text]<\/p>\n<div class=\"w3-container pale-blue w3-leftbar border-blue\">\n<p class=\"preguntas\">\u00bfQuieres construir una obra y no sabes como iniciar este proceso?<\/p>\n<\/div>\n<div class=\"w3-container pale-blue w3-leftbar border-blue\">\n<p class=\"preguntas\">\u00bfQuieres que te elaboren un proyecto y no sabes que debes solicitarle al proyectista para que cumpla con lo que necesitas?<\/p>\n<\/div>\n<div class=\"w3-container pale-blue w3-leftbar border-blue\">\n<p class=\"preguntas\">\u00bfTienes en tus manos un proyecto e ignoras si cumple con la normativa aplicable o si los par\u00e1metros utilizados en su ingenier\u00eda le permitir\u00e1n cumplir con su objetivo cuando se construya?<\/p>\n<\/div>\n<div class=\"w3-container pale-blue w3-leftbar border-blue\">\n<p class=\"preguntas\">\u00bfContrataste una obra y no sabes si lo construido cumple con lo especificado en el proyecto?<\/p>\n<\/div>\n<div class=\"w3-container pale-blue w3-leftbar border-blue\">\n<p class=\"preguntas\">\u00bfTienes una obra y presenta vicios o fallas incipientes, y quieres saber que se puede hacer para corregir los problemas?<\/p>\n<\/div>\n<p>[\/vc_column_text][\/vc_column][vc_column css=&#8221;.vc_custom_1618901021361{margin-top: 0px !important;margin-right: 7% !important;margin-left: 7% !important;padding-bottom: 50px !important;}&#8221; el_class=&#8221;cont-top&#8221;][vc_column_text]<\/p>\n<h5>Cons\u00faltanos, nosotros te podemos ayudar. Nuestra asesor\u00eda llega hasta donde t\u00fa desees.<\/h5>\n<p>[\/vc_column_text][\/vc_column][\/vc_row][vc_row css=&#8221;.vc_custom_1618356709765{background: #f8f9fa url(https:\/\/www.novellroad.org\/wp-content\/uploads\/2021\/04\/construction-silhouette.jpg?id=1437) !important;background-position: center !important;background-repeat: no-repeat !important;background-size: cover !important;}&#8221;][vc_column width=&#8221;1\/2&#8243;][\/vc_column][vc_column css_animation=&#8221;fadeInDown&#8221; width=&#8221;1\/2&#8243; css=&#8221;.vc_custom_1618636361472{padding-top: 10% !important;padding-right: 10% !important;padding-bottom: 5% !important;padding-left: 10% !important;background-color: #ffffff !important;background-position: center !important;background-repeat: no-repeat !important;background-size: cover !important;border-radius: 3px !important;}&#8221;]<h2 style=\"text-align: left;\">\u00bfTienes alguna consulta?<\/h2>\t\n\t<div class=\"section-header-text-left\">\n\t\t\t\t\t\t<div class=\"line-header\"><\/div>\n\t<\/div>\n\t[vc_column_text css=&#8221;.vc_custom_1618636641826{padding-top: 15px !important;}&#8221;]<span style=\"font-size: 14pt;\">Llena este formulario y con gusto nos comunicaremos contigo.<\/span>[\/vc_column_text]\n<div class=\"wpcf7 no-js\" id=\"wpcf7-f1073-o1\" lang=\"es-MX\" dir=\"ltr\">\n<div class=\"screen-reader-response\"><p role=\"status\" aria-live=\"polite\" aria-atomic=\"true\"><\/p> <ul><\/ul><\/div>\n<form action=\"\/index.php\/wp-json\/wp\/v2\/pages\/1058#wpcf7-f1073-o1\" method=\"post\" class=\"wpcf7-form init\" aria-label=\"Formulario de contacto\" enctype=\"multipart\/form-data\" novalidate=\"novalidate\" data-status=\"init\">\n<div style=\"display: none;\">\n<input type=\"hidden\" name=\"_wpcf7\" value=\"1073\" \/>\n<input type=\"hidden\" name=\"_wpcf7_version\" value=\"5.7.4\" \/>\n<input type=\"hidden\" name=\"_wpcf7_locale\" value=\"es_MX\" \/>\n<input type=\"hidden\" name=\"_wpcf7_unit_tag\" value=\"wpcf7-f1073-o1\" \/>\n<input type=\"hidden\" name=\"_wpcf7_container_post\" value=\"0\" \/>\n<input type=\"hidden\" name=\"_wpcf7_posted_data_hash\" value=\"\" \/>\n<\/div>\n<p><label> \u00bfCu\u00e1l es tu nombre completo?<br \/>\n<span class=\"wpcf7-form-control-wrap\" data-name=\"your-name\"><input size=\"40\" class=\"wpcf7-form-control wpcf7-text wpcf7-validates-as-required\" aria-required=\"true\" aria-invalid=\"false\" value=\"\" type=\"text\" name=\"your-name\" \/><\/span> <\/label>\n<\/p>\n<p><label> D\u00e9janos un correo electr\u00f3nico para comunicarnos contigo<br \/>\n<span class=\"wpcf7-form-control-wrap\" data-name=\"your-email\"><input size=\"40\" class=\"wpcf7-form-control wpcf7-text wpcf7-email wpcf7-validates-as-required wpcf7-validates-as-email\" aria-required=\"true\" aria-invalid=\"false\" value=\"\" type=\"email\" name=\"your-email\" \/><\/span> <\/label>\n<\/p>\n<p><label> Nos ayudar\u00eda mucho tener tu n\u00famero telef\u00f3nico<br \/>\n<span class=\"wpcf7-form-control-wrap\" data-name=\"Telefono\"><input size=\"40\" class=\"wpcf7-form-control wpcf7-text wpcf7-tel wpcf7-validates-as-tel\" aria-invalid=\"false\" value=\"\" type=\"tel\" name=\"Telefono\" \/><\/span> <\/label>\n<\/p>\n<p><label> \u00bfCu\u00e1l es tu consulta?<br \/>\n<span class=\"wpcf7-form-control-wrap\" data-name=\"your-subject\"><input size=\"40\" class=\"wpcf7-form-control wpcf7-text wpcf7-validates-as-required\" aria-required=\"true\" aria-invalid=\"false\" value=\"\" type=\"text\" name=\"your-subject\" \/><\/span> <\/label>\n<\/p>\n<p><label> \u00bfQuieres agregar algo m\u00e1s a tu consulta?<br \/>\n<span class=\"wpcf7-form-control-wrap\" data-name=\"your-message\"><textarea cols=\"40\" rows=\"10\" class=\"wpcf7-form-control wpcf7-textarea wpcf7-validates-as-required\" aria-required=\"true\" aria-invalid=\"false\" name=\"your-message\"><\/textarea><\/span> <\/label>\n<\/p>\n<p><label> Adjuntar imagen<br \/>\n<span class=\"wpcf7-form-control-wrap\" data-name=\"file-591\"><input size=\"40\" class=\"wpcf7-form-control wpcf7-file\" accept=\"audio\/*,video\/*,image\/*\" aria-invalid=\"false\" type=\"file\" name=\"file-591\" \/><\/span><\/label><br \/>\n<input class=\"wpcf7-form-control has-spinner wpcf7-submit\" type=\"submit\" value=\"Enviar a tequeremosayudar@novellroad.org\" \/>\n<\/p><div class=\"wpcf7-response-output\" aria-hidden=\"true\"><\/div>\n<\/form>\n<\/div>\n[\/vc_column][\/vc_row]<\/p>\n","protected":false},"excerpt":{"rendered":"<p>[vc_row][vc_column css_animation=&#8221;fadeIn&#8221; css=&#8221;.vc_custom_1618901410621{margin-top: 60px !important;margin-right: 7% !important;margin-left: 7% !important;}&#8221; el_class=&#8221;cont-bot&#8221;][vc_column_text css=&#8221;.vc_custom_1618896927555{margin-top: 10px !important;}&#8221;] La consultor\u00eda es una herramienta social de nuestra empresa para compartir nuestro conocimiento, que tiene como objetivo que el cliente (privado, municipal, estatal o federal) pueda ver con claridad lo que al principio puede parecer complejo. [\/vc_column_text][vc_single_image image=&#8221;1651&#8243; alignment=&#8221;center&#8221;][vc_column_text] Algunos ejemplos de [&hellip;]<\/p>\n","protected":false},"author":1,"featured_media":1059,"parent":0,"menu_order":0,"comment_status":"closed","ping_status":"closed","template":"page-templates\/page-fullwidth.php","meta":[],"_links":{"self":[{"href":"https:\/\/www.novellroad.org\/index.php\/wp-json\/wp\/v2\/pages\/1058"}],"collection":[{"href":"https:\/\/www.novellroad.org\/index.php\/wp-json\/wp\/v2\/pages"}],"about":[{"href":"https:\/\/www.novellroad.org\/index.php\/wp-json\/wp\/v2\/types\/page"}],"author":[{"embeddable":true,"href":"https:\/\/www.novellroad.org\/index.php\/wp-json\/wp\/v2\/users\/1"}],"replies":[{"embeddable":true,"href":"https:\/\/www.novellroad.org\/index.php\/wp-json\/wp\/v2\/comments?post=1058"}],"version-history":[{"count":63,"href":"https:\/\/www.novellroad.org\/index.php\/wp-json\/wp\/v2\/pages\/1058\/revisions"}],"predecessor-version":[{"id":1792,"href":"https:\/\/www.novellroad.org\/index.php\/wp-json\/wp\/v2\/pages\/1058\/revisions\/1792"}],"wp:featuredmedia":[{"embeddable":true,"href":"https:\/\/www.novellroad.org\/index.php\/wp-json\/wp\/v2\/media\/1059"}],"wp:attachment":[{"href":"https:\/\/www.novellroad.org\/index.php\/wp-json\/wp\/v2\/media?parent=1058"}],"curies":[{"name":"wp","href":"https:\/\/api.w.org\/{rel}","templated":true}]}}