{"id":1131,"date":"2020-09-14T16:52:25","date_gmt":"2020-09-14T21:52:25","guid":{"rendered":"http:\/\/stg.novellroad.org\/?page_id=1131"},"modified":"2023-02-27T18:11:52","modified_gmt":"2023-02-28T00:11:52","slug":"registros-vigentes-y-membresias","status":"publish","type":"page","link":"https:\/\/www.novellroad.org\/index.php\/registros-vigentes-y-membresias\/","title":{"rendered":"Registros vigentes y membres\u00edas"},"content":{"rendered":"<p>[vc_row css=&#8221;.vc_custom_1618729417048{padding-top: 100px !important;padding-bottom: 100px !important;background-position: center !important;background-repeat: no-repeat !important;background-size: cover !important;}&#8221;][vc_column css=&#8221;.vc_custom_1618729247568{margin-right: 7% !important;border-right-width: 7% !important;border-left-width: 7% !important;}&#8221;]<h2 style=\"text-align: left;\">Registros vigentes<\/h2>\t\n\t<div class=\"section-header-text-left\">\n\t\t\t\t\t\t<div class=\"line-header\"><\/div>\n\t<\/div>\n\t[\/vc_column][vc_column css_animation=&#8221;fadeInUp&#8221; width=&#8221;1\/3&#8243; css=&#8221;.vc_custom_1618647597237{margin-right: 15px !important;margin-left: 15px !important;padding-top: 15px !important;padding-right: 15px !important;padding-bottom: 15px !important;padding-left: 15px !important;border-radius: 10px !important;}&#8221; el_class=&#8221;shadow&#8221;][vc_single_image image=&#8221;1582&#8243; img_size=&#8221;150&#215;150&#8243; alignment=&#8221;center&#8221; css_animation=&#8221;none&#8221;][vc_column_text css=&#8221;.vc_custom_1677543061570{padding-right: 10px !important;padding-bottom: 10px !important;padding-left: 10px !important;}&#8221;]<\/p>\n<h4>Florece Xalapa<\/h4>\n<p><span style=\"font-size: 14pt; color: #808080;\">Registro vigente como Perito ante la Direcci\u00f3n de Desarrollo Urbano del H. Ayuntamiento de Xalapa<\/span><\/p>\n<p style=\"text-align: right;\"><span style=\"color: #808080;\"><em><span style=\"font-size: 14pt;\">2023<\/span><\/em><\/span><\/p>\n<p>[\/vc_column_text][\/vc_column][vc_column css_animation=&#8221;fadeInUp&#8221; width=&#8221;1\/3&#8243; css=&#8221;.vc_custom_1618729952451{margin-right: 15px !important;margin-bottom: 32px !important;margin-left: 15px !important;padding-top: 15px !important;padding-right: 15px !important;padding-bottom: 15px !important;padding-left: 15px !important;border-radius: 10px !important;}&#8221; el_class=&#8221;shadow&#8221;][vc_single_image image=&#8221;1585&#8243; img_size=&#8221;150&#215;150&#8243; alignment=&#8221;center&#8221;][vc_column_text]<\/p>\n<h4>COFEPRIS<\/h4>\n<p><span style=\"font-size: 14pt; color: #808080;\">Registro vigente como Perito ante la COFEPRIS<\/span><\/p>\n<p style=\"text-align: right;\"><span style=\"color: #808080;\"><em><span style=\"font-size: 14pt;\">2023<\/span><\/em><\/span><\/p>\n<p>[\/vc_column_text][\/vc_column][vc_column css_animation=&#8221;fadeInUp&#8221; width=&#8221;1\/3&#8243; css=&#8221;.vc_custom_1618729982993{margin-right: 15px !important;margin-bottom: 10px !important;margin-left: 15px !important;padding-top: 15px !important;padding-right: 15px !important;padding-bottom: 15px !important;padding-left: 15px !important;border-radius: 10px !important;}&#8221; el_class=&#8221;shadow&#8221;][vc_single_image image=&#8221;1586&#8243; img_size=&#8221;150&#215;150&#8243; alignment=&#8221;center&#8221;][vc_column_text]<\/p>\n<h4>SEFIPLAN<\/h4>\n<p><span style=\"font-size: 14pt; color: #808080;\">Registro vigente en el Padr\u00f3n de Contratistas del Gobierno del Estado (Secretar\u00eda de Finanzas y Planeaci\u00f3n).<\/span><\/p>\n<p style=\"text-align: right;\"><span style=\"color: #808080;\"><em><span style=\"font-size: 14pt;\">2023<\/span><\/em><\/span><\/p>\n<p>[\/vc_column_text][\/vc_column][vc_column][vc_empty_space height=&#8221;60px&#8221;]<h2 style=\"text-align: left;\">Miembro afiliado<\/h2>\t\n\t<div class=\"section-header-text-left\">\n\t\t\t\t\t\t<div class=\"line-header\"><\/div>\n\t<\/div>\n\t[\/vc_column][vc_column css_animation=&#8221;fadeInUp&#8221; width=&#8221;1\/3&#8243; el_class=&#8221;shadow&#8221; css=&#8221;.vc_custom_1618647108987{margin-right: 15px !important;margin-left: 15px !important;padding-top: 15px !important;padding-right: 15px !important;padding-bottom: 15px !important;padding-left: 15px !important;}&#8221;][vc_single_image image=&#8221;1594&#8243; img_size=&#8221;150&#215;150&#8243; alignment=&#8221;center&#8221;][vc_column_text]<\/p>\n<div class=\"wpb_text_column wpb_content_element vc_custom_1618645688099\">\n<div class=\"wpb_wrapper\">\n<h4>CMIC<\/h4>\n<p><span style=\"font-size: 14pt; color: #808080;\">Miembro afiliado a la C\u00e1mara Mexicana de la Industria de la Construcci\u00f3n (Veracruz Centro)<\/span><\/p>\n<p style=\"text-align: right;\"><span style=\"font-size: 14pt; color: #808080;\"><em>2023<\/em><\/span><\/p>\n<\/div>\n<\/div>\n<p>[\/vc_column_text][\/vc_column][vc_column width=&#8221;1\/3&#8243;][\/vc_column][vc_column css_animation=&#8221;fadeInUp&#8221; width=&#8221;1\/3&#8243; el_class=&#8221;shadow&#8221; css=&#8221;.vc_custom_1618729837007{margin-right: 15px !important;margin-bottom: 22px !important;margin-left: 15px !important;padding-top: 15px !important;padding-right: 15px !important;padding-bottom: 15px !important;padding-left: 15px !important;}&#8221;][vc_single_image image=&#8221;1593&#8243; img_size=&#8221;150&#215;150&#8243; alignment=&#8221;center&#8221;][vc_column_text]<\/p>\n<h4>CICX<\/h4>\n<p><span style=\"font-size: 14pt; color: #808080;\">Miembro afiliado al Colegio de Ingenieros Civiles de Xalapa (CICX)<\/span><\/p>\n<p style=\"text-align: right;\"><span style=\"font-size: 14pt; color: #808080;\"><em>2023<\/em><\/span><\/p>\n<p>[\/vc_column_text][\/vc_column][\/vc_row][vc_row][vc_column][vc_single_image image=&#8221;1831&#8243; alignment=&#8221;center&#8221; title=&#8221;Scan me&#8221;][\/vc_column][\/vc_row]<\/p>\n","protected":false},"excerpt":{"rendered":"<p>[vc_row css=&#8221;.vc_custom_1618729417048{padding-top: 100px !important;padding-bottom: 100px !important;background-position: center !important;background-repeat: no-repeat !important;background-size: cover !important;}&#8221;][vc_column css=&#8221;.vc_custom_1618729247568{margin-right: 7% !important;border-right-width: 7% !important;border-left-width: 7% !important;}&#8221;][\/vc_column][vc_column css_animation=&#8221;fadeInUp&#8221; width=&#8221;1\/3&#8243; css=&#8221;.vc_custom_1618647597237{margin-right: 15px !important;margin-left: 15px !important;padding-top: 15px !important;padding-right: 15px !important;padding-bottom: 15px !important;padding-left: 15px !important;border-radius: 10px !important;}&#8221; el_class=&#8221;shadow&#8221;][vc_single_image image=&#8221;1582&#8243; img_size=&#8221;150&#215;150&#8243; alignment=&#8221;center&#8221; css_animation=&#8221;none&#8221;][vc_column_text css=&#8221;.vc_custom_1677543061570{padding-right: 10px !important;padding-bottom: 10px !important;padding-left: 10px !important;}&#8221;] Florece Xalapa Registro vigente como Perito ante [&hellip;]<\/p>\n","protected":false},"author":1,"featured_media":0,"parent":0,"menu_order":0,"comment_status":"closed","ping_status":"closed","template":"page-templates\/page-fullwidth.php","meta":[],"_links":{"self":[{"href":"https:\/\/www.novellroad.org\/index.php\/wp-json\/wp\/v2\/pages\/1131"}],"collection":[{"href":"https:\/\/www.novellroad.org\/index.php\/wp-json\/wp\/v2\/pages"}],"about":[{"href":"https:\/\/www.novellroad.org\/index.php\/wp-json\/wp\/v2\/types\/page"}],"author":[{"embeddable":true,"href":"https:\/\/www.novellroad.org\/index.php\/wp-json\/wp\/v2\/users\/1"}],"replies":[{"embeddable":true,"href":"https:\/\/www.novellroad.org\/index.php\/wp-json\/wp\/v2\/comments?post=1131"}],"version-history":[{"count":17,"href":"https:\/\/www.novellroad.org\/index.php\/wp-json\/wp\/v2\/pages\/1131\/revisions"}],"predecessor-version":[{"id":1865,"href":"https:\/\/www.novellroad.org\/index.php\/wp-json\/wp\/v2\/pages\/1131\/revisions\/1865"}],"wp:attachment":[{"href":"https:\/\/www.novellroad.org\/index.php\/wp-json\/wp\/v2\/media?parent=1131"}],"curies":[{"name":"wp","href":"https:\/\/api.w.org\/{rel}","templated":true}]}}